{"id":51,"date":"2010-11-29T21:59:56","date_gmt":"2010-11-30T01:59:56","guid":{"rendered":"http:\/\/www.biocons.com.py\/V1\/"},"modified":"2024-04-10T08:59:29","modified_gmt":"2024-04-10T12:59:29","slug":"contacte-con-nuestro-estudio-de-arquitectura-y-construccion","status":"publish","type":"page","link":"https:\/\/www.biocons.com.py\/V1\/contacte-con-nuestro-estudio-de-arquitectura-y-construccion\/","title":{"rendered":"Contacte con nuestro Estudio de Arquitectura y Construcci\u00f3n."},"content":{"rendered":"<h4><strong>NUESTRA MISI\u00d3N:<\/strong><\/h4>\n<p><b>Ayudamos a las personas a vivir en espacios m\u00e1s naturales y sanos, a trav\u00e9s de proyectos \u00fanicos, mediante una construcci\u00f3n profesional y rigurosa.<\/b><\/p>\n<h4><strong>DE QU\u00c9 SE TRATA:<\/strong><\/h4>\n<p><strong>La bioconstrucci\u00f3n en el sentido literal de la palabra<\/strong> es la naturaleza, es la cueva, es el refugio, los accidentes topogr\u00e1ficos, hay investigaciones de como hacer arquitectura con la naturaleza pero hasta ahora los procesos son muy lentos, <strong>la naturaleza es lenta, por tanto no puede resolver a\u00fan el problema de la vivienda, del refugio.<\/strong><\/p>\n<p><strong>Nuestro objetivo no es emular la naturaleza sino encontrar el equilibrio, entender los ciclos de la naturaleza y minimizar el da\u00f1o.<\/strong><\/p>\n<h4><strong>OFICINA:<\/strong><\/h4>\n<p>Direcci\u00f3n: Tte. Jara Troche 347<br \/>\nTelefax: (595 21) 203 975<br \/>\nCel: (0992) 902 202<br \/>\nAsunci\u00f3n, Paraguay<\/p>\n","protected":false},"excerpt":{"rendered":"<p>NUESTRA MISI&Oacute;N: Ayudamos a las personas a vivir en espacios m&aacute;s naturales y sanos, a trav&eacute;s de proyectos &uacute;nicos, mediante una construcci&oacute;n profesional y rigurosa. DE QU&Eacute; SE TRATA: La bioconstrucci&oacute;n en el sentido literal de la palabra es la naturaleza, es la cueva, es el refugio, los accidentes topogr&aacute;ficos, hay investigaciones de como hacer [&hellip;]<\/p>\n","protected":false},"author":1,"featured_media":563,"parent":0,"menu_order":0,"comment_status":"open","ping_status":"closed","template":"","meta":{"footnotes":""},"class_list":["post-51","page","type-page","status-publish","has-post-thumbnail","hentry"],"yoast_head":"<!-- This site is optimized with the Yoast SEO plugin v25.3.1 - https:\/\/yoast.com\/wordpress\/plugins\/seo\/ -->\n<title>Contacte con nuestro Estudio de Arquitectura y Construcci\u00f3n. - BIOCONS.com.py | Estudio de Arquitectura, Constructora, Dise\u00f1o de Casas Sustentables, Viviendas, Oficinas, Asunci\u00f3n, Paraguay<\/title>\n<meta name=\"robots\" content=\"index, follow, max-snippet:-1, max-image-preview:large, max-video-preview:-1\" \/>\n<link rel=\"canonical\" href=\"https:\/\/www.biocons.com.py\/V1\/contacte-con-nuestro-estudio-de-arquitectura-y-construccion\/\" \/>\n<meta property=\"og:locale\" content=\"es_ES\" \/>\n<meta property=\"og:type\" content=\"article\" \/>\n<meta property=\"og:title\" content=\"Contacte con nuestro Estudio de Arquitectura y Construcci\u00f3n. - BIOCONS.com.py | Estudio de Arquitectura, Constructora, Dise\u00f1o de Casas Sustentables, Viviendas, Oficinas, Asunci\u00f3n, Paraguay\" \/>\n<meta property=\"og:description\" content=\"NUESTRA MISI&Oacute;N: Ayudamos a las personas a vivir en espacios m&aacute;s naturales y sanos, a trav&eacute;s de proyectos &uacute;nicos, mediante una construcci&oacute;n profesional y rigurosa. DE QU&Eacute; SE TRATA: La bioconstrucci&oacute;n en el sentido literal de la palabra es la naturaleza, es la cueva, es el refugio, los accidentes topogr&aacute;ficos, hay investigaciones de como hacer [&hellip;]\" \/>\n<meta property=\"og:url\" content=\"https:\/\/www.biocons.com.py\/V1\/contacte-con-nuestro-estudio-de-arquitectura-y-construccion\/\" \/>\n<meta property=\"og:site_name\" content=\"BIOCONS.com.py | Estudio de Arquitectura, Constructora, Dise\u00f1o de Casas Sustentables, Viviendas, Oficinas, Asunci\u00f3n, Paraguay\" \/>\n<meta property=\"article:publisher\" content=\"https:\/\/www.facebook.com\/biocons.arquitectos\/\" \/>\n<meta property=\"article:modified_time\" content=\"2024-04-10T12:59:29+00:00\" \/>\n<meta property=\"og:image\" content=\"https:\/\/www.biocons.com.py\/V1\/uploads\/2010\/11\/ubicacion-biocons.jpg\" \/>\n\t<meta property=\"og:image:width\" content=\"886\" \/>\n\t<meta property=\"og:image:height\" content=\"684\" \/>\n\t<meta property=\"og:image:type\" content=\"image\/jpeg\" \/>\n<meta name=\"twitter:card\" content=\"summary_large_image\" \/>\n<meta name=\"twitter:site\" content=\"@bioconsarq\" \/>\n<meta name=\"twitter:label1\" content=\"Tiempo de lectura\" \/>\n\t<meta name=\"twitter:data1\" content=\"1 minuto\" \/>\n<script type=\"application\/ld+json\" class=\"yoast-schema-graph\">{\"@context\":\"https:\/\/schema.org\",\"@graph\":[{\"@type\":\"WebPage\",\"@id\":\"https:\/\/www.biocons.com.py\/V1\/contacte-con-nuestro-estudio-de-arquitectura-y-construccion\/\",\"url\":\"https:\/\/www.biocons.com.py\/V1\/contacte-con-nuestro-estudio-de-arquitectura-y-construccion\/\",\"name\":\"Contacte con nuestro Estudio de Arquitectura y Construcci\u00f3n. - BIOCONS.com.py | Estudio de Arquitectura, Constructora, Dise\u00f1o de Casas Sustentables, Viviendas, Oficinas, Asunci\u00f3n, Paraguay\",\"isPartOf\":{\"@id\":\"https:\/\/www.biocons.com.py\/V1\/#website\"},\"primaryImageOfPage\":{\"@id\":\"https:\/\/www.biocons.com.py\/V1\/contacte-con-nuestro-estudio-de-arquitectura-y-construccion\/#primaryimage\"},\"image\":{\"@id\":\"https:\/\/www.biocons.com.py\/V1\/contacte-con-nuestro-estudio-de-arquitectura-y-construccion\/#primaryimage\"},\"thumbnailUrl\":\"https:\/\/www.biocons.com.py\/V1\/uploads\/2010\/11\/ubicacion-biocons.jpg\",\"datePublished\":\"2010-11-30T01:59:56+00:00\",\"dateModified\":\"2024-04-10T12:59:29+00:00\",\"breadcrumb\":{\"@id\":\"https:\/\/www.biocons.com.py\/V1\/contacte-con-nuestro-estudio-de-arquitectura-y-construccion\/#breadcrumb\"},\"inLanguage\":\"es\",\"potentialAction\":[{\"@type\":\"ReadAction\",\"target\":[\"https:\/\/www.biocons.com.py\/V1\/contacte-con-nuestro-estudio-de-arquitectura-y-construccion\/\"]}]},{\"@type\":\"ImageObject\",\"inLanguage\":\"es\",\"@id\":\"https:\/\/www.biocons.com.py\/V1\/contacte-con-nuestro-estudio-de-arquitectura-y-construccion\/#primaryimage\",\"url\":\"https:\/\/www.biocons.com.py\/V1\/uploads\/2010\/11\/ubicacion-biocons.jpg\",\"contentUrl\":\"https:\/\/www.biocons.com.py\/V1\/uploads\/2010\/11\/ubicacion-biocons.jpg\",\"width\":886,\"height\":684},{\"@type\":\"BreadcrumbList\",\"@id\":\"https:\/\/www.biocons.com.py\/V1\/contacte-con-nuestro-estudio-de-arquitectura-y-construccion\/#breadcrumb\",\"itemListElement\":[{\"@type\":\"ListItem\",\"position\":1,\"name\":\"Home\",\"item\":\"https:\/\/www.biocons.com.py\/V1\/\"},{\"@type\":\"ListItem\",\"position\":2,\"name\":\"Contacte con nuestro Estudio de Arquitectura y Construcci\u00f3n.\"}]},{\"@type\":\"WebSite\",\"@id\":\"https:\/\/www.biocons.com.py\/V1\/#website\",\"url\":\"https:\/\/www.biocons.com.py\/V1\/\",\"name\":\"BIOCONS.com.py | Estudio de Arquitectura, Constructora, Dise\u00f1o de Casas Sustentables, Viviendas, Oficinas, Asunci\u00f3n, Paraguay\",\"description\":\"Estudio de Arquitectura, Dise\u00f1o y Constructora en Paraguay\",\"potentialAction\":[{\"@type\":\"SearchAction\",\"target\":{\"@type\":\"EntryPoint\",\"urlTemplate\":\"https:\/\/www.biocons.com.py\/V1\/?s={search_term_string}\"},\"query-input\":{\"@type\":\"PropertyValueSpecification\",\"valueRequired\":true,\"valueName\":\"search_term_string\"}}],\"inLanguage\":\"es\"}]}<\/script>\n<!-- \/ Yoast SEO plugin. -->","yoast_head_json":{"title":"Contacte con nuestro Estudio de Arquitectura y Construcci\u00f3n. - BIOCONS.com.py | Estudio de Arquitectura, Constructora, Dise\u00f1o de Casas Sustentables, Viviendas, Oficinas, Asunci\u00f3n, Paraguay","robots":{"index":"index","follow":"follow","max-snippet":"max-snippet:-1","max-image-preview":"max-image-preview:large","max-video-preview":"max-video-preview:-1"},"canonical":"https:\/\/www.biocons.com.py\/V1\/contacte-con-nuestro-estudio-de-arquitectura-y-construccion\/","og_locale":"es_ES","og_type":"article","og_title":"Contacte con nuestro Estudio de Arquitectura y Construcci\u00f3n. - BIOCONS.com.py | Estudio de Arquitectura, Constructora, Dise\u00f1o de Casas Sustentables, Viviendas, Oficinas, Asunci\u00f3n, Paraguay","og_description":"NUESTRA MISI&Oacute;N: Ayudamos a las personas a vivir en espacios m&aacute;s naturales y sanos, a trav&eacute;s de proyectos &uacute;nicos, mediante una construcci&oacute;n profesional y rigurosa. DE QU&Eacute; SE TRATA: La bioconstrucci&oacute;n en el sentido literal de la palabra es la naturaleza, es la cueva, es el refugio, los accidentes topogr&aacute;ficos, hay investigaciones de como hacer [&hellip;]","og_url":"https:\/\/www.biocons.com.py\/V1\/contacte-con-nuestro-estudio-de-arquitectura-y-construccion\/","og_site_name":"BIOCONS.com.py | Estudio de Arquitectura, Constructora, Dise\u00f1o de Casas Sustentables, Viviendas, Oficinas, Asunci\u00f3n, Paraguay","article_publisher":"https:\/\/www.facebook.com\/biocons.arquitectos\/","article_modified_time":"2024-04-10T12:59:29+00:00","og_image":[{"width":886,"height":684,"url":"https:\/\/www.biocons.com.py\/V1\/uploads\/2010\/11\/ubicacion-biocons.jpg","type":"image\/jpeg"}],"twitter_card":"summary_large_image","twitter_site":"@bioconsarq","twitter_misc":{"Tiempo de lectura":"1 minuto"},"schema":{"@context":"https:\/\/schema.org","@graph":[{"@type":"WebPage","@id":"https:\/\/www.biocons.com.py\/V1\/contacte-con-nuestro-estudio-de-arquitectura-y-construccion\/","url":"https:\/\/www.biocons.com.py\/V1\/contacte-con-nuestro-estudio-de-arquitectura-y-construccion\/","name":"Contacte con nuestro Estudio de Arquitectura y Construcci\u00f3n. - BIOCONS.com.py | Estudio de Arquitectura, Constructora, Dise\u00f1o de Casas Sustentables, Viviendas, Oficinas, Asunci\u00f3n, Paraguay","isPartOf":{"@id":"https:\/\/www.biocons.com.py\/V1\/#website"},"primaryImageOfPage":{"@id":"https:\/\/www.biocons.com.py\/V1\/contacte-con-nuestro-estudio-de-arquitectura-y-construccion\/#primaryimage"},"image":{"@id":"https:\/\/www.biocons.com.py\/V1\/contacte-con-nuestro-estudio-de-arquitectura-y-construccion\/#primaryimage"},"thumbnailUrl":"https:\/\/www.biocons.com.py\/V1\/uploads\/2010\/11\/ubicacion-biocons.jpg","datePublished":"2010-11-30T01:59:56+00:00","dateModified":"2024-04-10T12:59:29+00:00","breadcrumb":{"@id":"https:\/\/www.biocons.com.py\/V1\/contacte-con-nuestro-estudio-de-arquitectura-y-construccion\/#breadcrumb"},"inLanguage":"es","potentialAction":[{"@type":"ReadAction","target":["https:\/\/www.biocons.com.py\/V1\/contacte-con-nuestro-estudio-de-arquitectura-y-construccion\/"]}]},{"@type":"ImageObject","inLanguage":"es","@id":"https:\/\/www.biocons.com.py\/V1\/contacte-con-nuestro-estudio-de-arquitectura-y-construccion\/#primaryimage","url":"https:\/\/www.biocons.com.py\/V1\/uploads\/2010\/11\/ubicacion-biocons.jpg","contentUrl":"https:\/\/www.biocons.com.py\/V1\/uploads\/2010\/11\/ubicacion-biocons.jpg","width":886,"height":684},{"@type":"BreadcrumbList","@id":"https:\/\/www.biocons.com.py\/V1\/contacte-con-nuestro-estudio-de-arquitectura-y-construccion\/#breadcrumb","itemListElement":[{"@type":"ListItem","position":1,"name":"Home","item":"https:\/\/www.biocons.com.py\/V1\/"},{"@type":"ListItem","position":2,"name":"Contacte con nuestro Estudio de Arquitectura y Construcci\u00f3n."}]},{"@type":"WebSite","@id":"https:\/\/www.biocons.com.py\/V1\/#website","url":"https:\/\/www.biocons.com.py\/V1\/","name":"BIOCONS.com.py | Estudio de Arquitectura, Constructora, Dise\u00f1o de Casas Sustentables, Viviendas, Oficinas, Asunci\u00f3n, Paraguay","description":"Estudio de Arquitectura, Dise\u00f1o y Constructora en Paraguay","potentialAction":[{"@type":"SearchAction","target":{"@type":"EntryPoint","urlTemplate":"https:\/\/www.biocons.com.py\/V1\/?s={search_term_string}"},"query-input":{"@type":"PropertyValueSpecification","valueRequired":true,"valueName":"search_term_string"}}],"inLanguage":"es"}]}},"post_mailing_queue_ids":[],"_links":{"self":[{"href":"https:\/\/www.biocons.com.py\/V1\/wp-json\/wp\/v2\/pages\/51"}],"collection":[{"href":"https:\/\/www.biocons.com.py\/V1\/wp-json\/wp\/v2\/pages"}],"about":[{"href":"https:\/\/www.biocons.com.py\/V1\/wp-json\/wp\/v2\/types\/page"}],"author":[{"embeddable":true,"href":"https:\/\/www.biocons.com.py\/V1\/wp-json\/wp\/v2\/users\/1"}],"replies":[{"embeddable":true,"href":"https:\/\/www.biocons.com.py\/V1\/wp-json\/wp\/v2\/comments?post=51"}],"version-history":[{"count":0,"href":"https:\/\/www.biocons.com.py\/V1\/wp-json\/wp\/v2\/pages\/51\/revisions"}],"wp:featuredmedia":[{"embeddable":true,"href":"https:\/\/www.biocons.com.py\/V1\/wp-json\/wp\/v2\/media\/563"}],"wp:attachment":[{"href":"https:\/\/www.biocons.com.py\/V1\/wp-json\/wp\/v2\/media?parent=51"}],"curies":[{"name":"wp","href":"https:\/\/api.w.org\/{rel}","templated":true}]}}